{"id":617,"date":"2012-06-26T20:39:08","date_gmt":"2012-06-26T18:39:08","guid":{"rendered":"http:\/\/koskelanet.com\/?page_id=617"},"modified":"2012-07-21T16:34:23","modified_gmt":"2012-07-21T14:34:23","slug":"rodos-kreikka-2012","status":"publish","type":"page","link":"https:\/\/koskelanet.com\/wordpress\/perhealbumin-kuvia\/rodos-kreikka-2012\/","title":{"rendered":"Rodos, Kreikka 2012"},"content":{"rendered":"<p>Lomamatka Rodokselle 13-21.6.2012. (Kuvat viel\u00e4 ty\u00f6n alla&#8230;) Ks. my\u00f6s <a title=\"Rodos, Kreikka 2012\" href=\"https:\/\/koskelanet.com\/wordpress\/?page_id=617#Video\">video<\/a> sivun alalaidassa.<\/p>\n<div id='gallery-1' class='gallery galleryid-617 gallery-columns-3 gallery-size-thumbnail'><dl class='gallery-item'>\n\t\t\t<dt class='gallery-icon landscape'>\n\t\t\t\t<a href='https:\/\/koskelanet.com\/wordpress\/wp-content\/uploads\/2012\/07\/DSC_4550-1024.jpg' rel=\"lightbox[617]\"><img loading=\"lazy\" decoding=\"async\" width=\"150\" height=\"150\" src=\"https:\/\/koskelanet.com\/wordpress\/wp-content\/uploads\/2012\/07\/DSC_4550-1024-150x150.jpg\" class=\"attachment-thumbnail size-thumbnail\" alt=\"\" \/><\/a>\n\t\t\t<\/dt><\/dl><dl class='gallery-item'>\n\t\t\t<dt class='gallery-icon landscape'>\n\t\t\t\t<a href='https:\/\/koskelanet.com\/wordpress\/wp-content\/uploads\/2012\/07\/DSC_4295-1024.jpg' rel=\"lightbox[617]\"><img loading=\"lazy\" decoding=\"async\" width=\"150\" height=\"150\" src=\"https:\/\/koskelanet.com\/wordpress\/wp-content\/uploads\/2012\/07\/DSC_4295-1024-150x150.jpg\" class=\"attachment-thumbnail size-thumbnail\" alt=\"\" \/><\/a>\n\t\t\t<\/dt><\/dl><dl class='gallery-item'>\n\t\t\t<dt class='gallery-icon landscape'>\n\t\t\t\t<a href='https:\/\/koskelanet.com\/wordpress\/wp-content\/uploads\/2012\/07\/DSC_4403-1024.jpg' rel=\"lightbox[617]\"><img loading=\"lazy\" decoding=\"async\" width=\"150\" height=\"150\" src=\"https:\/\/koskelanet.com\/wordpress\/wp-content\/uploads\/2012\/07\/DSC_4403-1024-150x150.jpg\" class=\"attachment-thumbnail size-thumbnail\" alt=\"\" \/><\/a>\n\t\t\t<\/dt><\/dl><br style=\"clear: both\" \/><dl class='gallery-item'>\n\t\t\t<dt class='gallery-icon landscape'>\n\t\t\t\t<a href='https:\/\/koskelanet.com\/wordpress\/wp-content\/uploads\/2012\/07\/DSC_4417-1024.jpg' rel=\"lightbox[617]\"><img loading=\"lazy\" decoding=\"async\" width=\"150\" height=\"150\" src=\"https:\/\/koskelanet.com\/wordpress\/wp-content\/uploads\/2012\/07\/DSC_4417-1024-150x150.jpg\" class=\"attachment-thumbnail size-thumbnail\" alt=\"\" \/><\/a>\n\t\t\t<\/dt><\/dl><dl class='gallery-item'>\n\t\t\t<dt class='gallery-icon landscape'>\n\t\t\t\t<a href='https:\/\/koskelanet.com\/wordpress\/wp-content\/uploads\/2012\/07\/DSC_4303-1024.jpg' rel=\"lightbox[617]\"><img loading=\"lazy\" decoding=\"async\" width=\"150\" height=\"150\" src=\"https:\/\/koskelanet.com\/wordpress\/wp-content\/uploads\/2012\/07\/DSC_4303-1024-150x150.jpg\" class=\"attachment-thumbnail size-thumbnail\" alt=\"\" \/><\/a>\n\t\t\t<\/dt><\/dl><dl class='gallery-item'>\n\t\t\t<dt class='gallery-icon landscape'>\n\t\t\t\t<a href='https:\/\/koskelanet.com\/wordpress\/wp-content\/uploads\/2012\/07\/DSC_4359_2-1024.jpg' rel=\"lightbox[617]\"><img loading=\"lazy\" decoding=\"async\" width=\"150\" height=\"150\" src=\"https:\/\/koskelanet.com\/wordpress\/wp-content\/uploads\/2012\/07\/DSC_4359_2-1024-150x150.jpg\" class=\"attachment-thumbnail size-thumbnail\" alt=\"\" \/><\/a>\n\t\t\t<\/dt><\/dl><br style=\"clear: both\" \/><dl class='gallery-item'>\n\t\t\t<dt class='gallery-icon landscape'>\n\t\t\t\t<a href='https:\/\/koskelanet.com\/wordpress\/wp-content\/uploads\/2012\/07\/DSC_4308-1024.jpg' rel=\"lightbox[617]\"><img loading=\"lazy\" decoding=\"async\" width=\"150\" height=\"150\" src=\"https:\/\/koskelanet.com\/wordpress\/wp-content\/uploads\/2012\/07\/DSC_4308-1024-150x150.jpg\" class=\"attachment-thumbnail size-thumbnail\" alt=\"\" \/><\/a>\n\t\t\t<\/dt><\/dl><dl class='gallery-item'>\n\t\t\t<dt class='gallery-icon portrait'>\n\t\t\t\t<a href='https:\/\/koskelanet.com\/wordpress\/wp-content\/uploads\/2012\/07\/DSC_4359-1024.jpg' rel=\"lightbox[617]\"><img loading=\"lazy\" decoding=\"async\" width=\"150\" height=\"150\" src=\"https:\/\/koskelanet.com\/wordpress\/wp-content\/uploads\/2012\/07\/DSC_4359-1024-150x150.jpg\" class=\"attachment-thumbnail size-thumbnail\" alt=\"\" \/><\/a>\n\t\t\t<\/dt><\/dl><dl class='gallery-item'>\n\t\t\t<dt class='gallery-icon landscape'>\n\t\t\t\t<a href='https:\/\/koskelanet.com\/wordpress\/wp-content\/uploads\/2012\/07\/DSC_4449-1024.jpg' rel=\"lightbox[617]\"><img loading=\"lazy\" decoding=\"async\" width=\"150\" height=\"150\" src=\"https:\/\/koskelanet.com\/wordpress\/wp-content\/uploads\/2012\/07\/DSC_4449-1024-150x150.jpg\" class=\"attachment-thumbnail size-thumbnail\" alt=\"\" \/><\/a>\n\t\t\t<\/dt><\/dl><br style=\"clear: both\" \/><dl class='gallery-item'>\n\t\t\t<dt class='gallery-icon portrait'>\n\t\t\t\t<a href='https:\/\/koskelanet.com\/wordpress\/wp-content\/uploads\/2012\/07\/DSC_4419-1024.jpg' rel=\"lightbox[617]\"><img loading=\"lazy\" decoding=\"async\" width=\"150\" height=\"150\" src=\"https:\/\/koskelanet.com\/wordpress\/wp-content\/uploads\/2012\/07\/DSC_4419-1024-150x150.jpg\" class=\"attachment-thumbnail size-thumbnail\" alt=\"\" \/><\/a>\n\t\t\t<\/dt><\/dl><dl class='gallery-item'>\n\t\t\t<dt class='gallery-icon landscape'>\n\t\t\t\t<a href='https:\/\/koskelanet.com\/wordpress\/wp-content\/uploads\/2012\/07\/DSC_4326-1024.jpg' rel=\"lightbox[617]\"><img loading=\"lazy\" decoding=\"async\" width=\"150\" height=\"150\" src=\"https:\/\/koskelanet.com\/wordpress\/wp-content\/uploads\/2012\/07\/DSC_4326-1024-150x150.jpg\" class=\"attachment-thumbnail size-thumbnail\" alt=\"\" \/><\/a>\n\t\t\t<\/dt><\/dl><dl class='gallery-item'>\n\t\t\t<dt class='gallery-icon landscape'>\n\t\t\t\t<a href='https:\/\/koskelanet.com\/wordpress\/wp-content\/uploads\/2012\/07\/DSC_4318-1024.jpg' rel=\"lightbox[617]\"><img loading=\"lazy\" decoding=\"async\" width=\"150\" height=\"150\" src=\"https:\/\/koskelanet.com\/wordpress\/wp-content\/uploads\/2012\/07\/DSC_4318-1024-150x150.jpg\" class=\"attachment-thumbnail size-thumbnail\" alt=\"\" \/><\/a>\n\t\t\t<\/dt><\/dl><br style=\"clear: both\" \/><dl class='gallery-item'>\n\t\t\t<dt class='gallery-icon landscape'>\n\t\t\t\t<a href='https:\/\/koskelanet.com\/wordpress\/wp-content\/uploads\/2012\/07\/DSC_4323_bw-1024.jpg' rel=\"lightbox[617]\"><img loading=\"lazy\" decoding=\"async\" width=\"150\" height=\"150\" src=\"https:\/\/koskelanet.com\/wordpress\/wp-content\/uploads\/2012\/07\/DSC_4323_bw-1024-150x150.jpg\" class=\"attachment-thumbnail size-thumbnail\" alt=\"\" \/><\/a>\n\t\t\t<\/dt><\/dl><dl class='gallery-item'>\n\t\t\t<dt class='gallery-icon portrait'>\n\t\t\t\t<a href='https:\/\/koskelanet.com\/wordpress\/wp-content\/uploads\/2012\/07\/DSC_4312-1024.jpg' rel=\"lightbox[617]\"><img loading=\"lazy\" decoding=\"async\" width=\"150\" height=\"150\" src=\"https:\/\/koskelanet.com\/wordpress\/wp-content\/uploads\/2012\/07\/DSC_4312-1024-150x150.jpg\" class=\"attachment-thumbnail size-thumbnail\" alt=\"\" \/><\/a>\n\t\t\t<\/dt><\/dl><dl class='gallery-item'>\n\t\t\t<dt class='gallery-icon landscape'>\n\t\t\t\t<a href='https:\/\/koskelanet.com\/wordpress\/wp-content\/uploads\/2012\/07\/DSC_4569-1024.jpg' rel=\"lightbox[617]\"><img loading=\"lazy\" decoding=\"async\" width=\"150\" height=\"150\" src=\"https:\/\/koskelanet.com\/wordpress\/wp-content\/uploads\/2012\/07\/DSC_4569-1024-150x150.jpg\" class=\"attachment-thumbnail size-thumbnail\" alt=\"\" \/><\/a>\n\t\t\t<\/dt><\/dl><br style=\"clear: both\" \/><dl class='gallery-item'>\n\t\t\t<dt class='gallery-icon landscape'>\n\t\t\t\t<a href='https:\/\/koskelanet.com\/wordpress\/wp-content\/uploads\/2012\/07\/DSC_4316_bw-1024.jpg' rel=\"lightbox[617]\"><img loading=\"lazy\" decoding=\"async\" width=\"150\" height=\"150\" src=\"https:\/\/koskelanet.com\/wordpress\/wp-content\/uploads\/2012\/07\/DSC_4316_bw-1024-150x150.jpg\" class=\"attachment-thumbnail size-thumbnail\" alt=\"\" \/><\/a>\n\t\t\t<\/dt><\/dl><dl class='gallery-item'>\n\t\t\t<dt class='gallery-icon landscape'>\n\t\t\t\t<a href='https:\/\/koskelanet.com\/wordpress\/wp-content\/uploads\/2012\/07\/DSC_4578-1024.jpg' rel=\"lightbox[617]\"><img loading=\"lazy\" decoding=\"async\" width=\"150\" height=\"150\" src=\"https:\/\/koskelanet.com\/wordpress\/wp-content\/uploads\/2012\/07\/DSC_4578-1024-150x150.jpg\" class=\"attachment-thumbnail size-thumbnail\" alt=\"\" \/><\/a>\n\t\t\t<\/dt><\/dl><dl class='gallery-item'>\n\t\t\t<dt class='gallery-icon landscape'>\n\t\t\t\t<a href='https:\/\/koskelanet.com\/wordpress\/wp-content\/uploads\/2012\/07\/DSC_4606-1024.jpg' rel=\"lightbox[617]\"><img loading=\"lazy\" decoding=\"async\" width=\"150\" height=\"150\" src=\"https:\/\/koskelanet.com\/wordpress\/wp-content\/uploads\/2012\/07\/DSC_4606-1024-150x150.jpg\" class=\"attachment-thumbnail size-thumbnail\" alt=\"\" \/><\/a>\n\t\t\t<\/dt><\/dl><br style=\"clear: both\" \/><dl class='gallery-item'>\n\t\t\t<dt class='gallery-icon landscape'>\n\t\t\t\t<a href='https:\/\/koskelanet.com\/wordpress\/wp-content\/uploads\/2012\/07\/DSC_4442-1024.jpg' rel=\"lightbox[617]\"><img loading=\"lazy\" decoding=\"async\" width=\"150\" height=\"150\" src=\"https:\/\/koskelanet.com\/wordpress\/wp-content\/uploads\/2012\/07\/DSC_4442-1024-150x150.jpg\" class=\"attachment-thumbnail size-thumbnail\" alt=\"\" \/><\/a>\n\t\t\t<\/dt><\/dl><dl class='gallery-item'>\n\t\t\t<dt class='gallery-icon landscape'>\n\t\t\t\t<a href='https:\/\/koskelanet.com\/wordpress\/wp-content\/uploads\/2012\/07\/DSC_4354-1024.jpg' rel=\"lightbox[617]\"><img loading=\"lazy\" decoding=\"async\" width=\"150\" height=\"150\" src=\"https:\/\/koskelanet.com\/wordpress\/wp-content\/uploads\/2012\/07\/DSC_4354-1024-150x150.jpg\" class=\"attachment-thumbnail size-thumbnail\" alt=\"\" \/><\/a>\n\t\t\t<\/dt><\/dl><dl class='gallery-item'>\n\t\t\t<dt class='gallery-icon landscape'>\n\t\t\t\t<a href='https:\/\/koskelanet.com\/wordpress\/wp-content\/uploads\/2012\/07\/DSC_4354_bw-1024.jpg' rel=\"lightbox[617]\"><img loading=\"lazy\" decoding=\"async\" width=\"150\" height=\"150\" src=\"https:\/\/koskelanet.com\/wordpress\/wp-content\/uploads\/2012\/07\/DSC_4354_bw-1024-150x150.jpg\" class=\"attachment-thumbnail size-thumbnail\" alt=\"\" \/><\/a>\n\t\t\t<\/dt><\/dl><br style=\"clear: both\" \/>\n\t\t<\/div>\n\n<p><a name=\"Video\"><\/a>Video:<\/p>\n<table style=\"height: 200px; background-color: #f8f8ff; ; width: 360px;\" border=\"0\" frame=\"void\" align=\"left\">\n<tbody>\n<tr>\n<td><object style=\"line-height: 24px;\" width=\"360\" height=\"200\" classid=\"clsid:d27cdb6e-ae6d-11cf-96b8-444553540000\" codebase=\"http:\/\/download.macromedia.com\/pub\/shockwave\/cabs\/flash\/swflash.cab#version=6,0,40,0\"><param name=\"src\" value=\"https:\/\/koskelanet.com\/wordpress\/wp-content\/plugins\/ultimate-tinymce\/media\/moxieplayer.swf\" \/><param name=\"allowfullscreen\" value=\"true\" \/><param name=\"allowscriptaccess\" value=\"true\" \/><param name=\"play\" value=\"false\" \/><param name=\"loop\" value=\"false\" \/><param name=\"quality\" value=\"autohigh\" \/><param name=\"scale\" value=\"showall\" \/><param name=\"wmode\" value=\"opaque\" \/><param name=\"flashvars\" value=\"url=\/wordpress\/wp-content\/uploads\/2012\/07\/Rodos-2012-Pyry-Gets-Wet-2.flv&amp;poster=\/wordpress\/wp-admin\/\" \/><embed style=\"line-height: 24px;\" width=\"360\" height=\"200\" type=\"application\/x-shockwave-flash\" src=\"https:\/\/koskelanet.com\/wordpress\/wp-content\/plugins\/ultimate-tinymce\/media\/moxieplayer.swf\" allowfullscreen=\"true\" allowscriptaccess=\"true\" play=\"false\" loop=\"false\" quality=\"autohigh\" scale=\"showall\" wmode=\"opaque\" flashvars=\"url=\/wordpress\/wp-content\/uploads\/2012\/07\/Rodos-2012-Pyry-Gets-Wet-2.flv&amp;poster=\/wordpress\/wp-admin\/\" \/><\/object><\/td>\n<\/tr>\n<\/tbody>\n<\/table>\n","protected":false},"excerpt":{"rendered":"<p>Lomamatka Rodokselle 13-21.6.2012. (Kuvat viel\u00e4 ty\u00f6n alla&#8230;) Ks. my\u00f6s video sivun alalaidassa. Video:<\/p>\n","protected":false},"author":2,"featured_media":0,"parent":378,"menu_order":0,"comment_status":"closed","ping_status":"closed","template":"","meta":{"footnotes":""},"class_list":["post-617","page","type-page","status-publish","hentry"],"_links":{"self":[{"href":"https:\/\/koskelanet.com\/wordpress\/wp-json\/wp\/v2\/pages\/617","targetHints":{"allow":["GET"]}}],"collection":[{"href":"https:\/\/koskelanet.com\/wordpress\/wp-json\/wp\/v2\/pages"}],"about":[{"href":"https:\/\/koskelanet.com\/wordpress\/wp-json\/wp\/v2\/types\/page"}],"author":[{"embeddable":true,"href":"https:\/\/koskelanet.com\/wordpress\/wp-json\/wp\/v2\/users\/2"}],"replies":[{"embeddable":true,"href":"https:\/\/koskelanet.com\/wordpress\/wp-json\/wp\/v2\/comments?post=617"}],"version-history":[{"count":23,"href":"https:\/\/koskelanet.com\/wordpress\/wp-json\/wp\/v2\/pages\/617\/revisions"}],"predecessor-version":[{"id":664,"href":"https:\/\/koskelanet.com\/wordpress\/wp-json\/wp\/v2\/pages\/617\/revisions\/664"}],"up":[{"embeddable":true,"href":"https:\/\/koskelanet.com\/wordpress\/wp-json\/wp\/v2\/pages\/378"}],"wp:attachment":[{"href":"https:\/\/koskelanet.com\/wordpress\/wp-json\/wp\/v2\/media?parent=617"}],"curies":[{"name":"wp","href":"https:\/\/api.w.org\/{rel}","templated":true}]}}