{"id":395,"date":"2011-10-23T19:35:40","date_gmt":"2011-10-23T16:35:40","guid":{"rendered":"http:\/\/koskelanet.com\/wordpress\/?page_id=395"},"modified":"2011-10-26T22:21:18","modified_gmt":"2011-10-26T19:21:18","slug":"juhannus-lahteenmaessa-2011","status":"publish","type":"page","link":"https:\/\/koskelanet.com\/wordpress\/perhealbumin-kuvia\/juhannus-lahteenmaessa-2011\/","title":{"rendered":"Juhannus 2011"},"content":{"rendered":"<p>L\u00e4hteenm\u00e4ess\u00e4 Mets\u00e4maalla 2011.<\/p>\n<div id='gallery-1' class='gallery galleryid-395 gallery-columns-3 gallery-size-thumbnail'><dl class='gallery-item'>\n\t\t\t<dt class='gallery-icon portrait'>\n\t\t\t\t<a href='https:\/\/koskelanet.com\/wordpress\/wp-content\/uploads\/2011\/10\/DSC_2055-1024.jpg' rel=\"lightbox[395]\"><img loading=\"lazy\" decoding=\"async\" width=\"150\" height=\"150\" src=\"https:\/\/koskelanet.com\/wordpress\/wp-content\/uploads\/2011\/10\/DSC_2055-1024-150x150.jpg\" class=\"attachment-thumbnail size-thumbnail\" alt=\"\" \/><\/a>\n\t\t\t<\/dt><\/dl><dl class='gallery-item'>\n\t\t\t<dt class='gallery-icon portrait'>\n\t\t\t\t<a href='https:\/\/koskelanet.com\/wordpress\/wp-content\/uploads\/2011\/10\/DSC_2029_bw-1024.jpg' rel=\"lightbox[395]\"><img loading=\"lazy\" decoding=\"async\" width=\"150\" height=\"150\" src=\"https:\/\/koskelanet.com\/wordpress\/wp-content\/uploads\/2011\/10\/DSC_2029_bw-1024-150x150.jpg\" class=\"attachment-thumbnail size-thumbnail\" alt=\"\" \/><\/a>\n\t\t\t<\/dt><\/dl><dl class='gallery-item'>\n\t\t\t<dt class='gallery-icon portrait'>\n\t\t\t\t<a href='https:\/\/koskelanet.com\/wordpress\/wp-content\/uploads\/2011\/10\/DSC_2057_bw-1024.jpg' rel=\"lightbox[395]\"><img loading=\"lazy\" decoding=\"async\" width=\"150\" height=\"150\" src=\"https:\/\/koskelanet.com\/wordpress\/wp-content\/uploads\/2011\/10\/DSC_2057_bw-1024-150x150.jpg\" class=\"attachment-thumbnail size-thumbnail\" alt=\"\" \/><\/a>\n\t\t\t<\/dt><\/dl><br style=\"clear: both\" \/><dl class='gallery-item'>\n\t\t\t<dt class='gallery-icon landscape'>\n\t\t\t\t<a href='https:\/\/koskelanet.com\/wordpress\/wp-content\/uploads\/2011\/10\/DSC_2111-1024.jpg' rel=\"lightbox[395]\"><img loading=\"lazy\" decoding=\"async\" width=\"150\" height=\"150\" src=\"https:\/\/koskelanet.com\/wordpress\/wp-content\/uploads\/2011\/10\/DSC_2111-1024-150x150.jpg\" class=\"attachment-thumbnail size-thumbnail\" alt=\"\" \/><\/a>\n\t\t\t<\/dt><\/dl><dl class='gallery-item'>\n\t\t\t<dt class='gallery-icon landscape'>\n\t\t\t\t<a href='https:\/\/koskelanet.com\/wordpress\/wp-content\/uploads\/2011\/10\/DSC_2029_bw2-10241.jpg' rel=\"lightbox[395]\"><img loading=\"lazy\" decoding=\"async\" width=\"150\" height=\"150\" src=\"https:\/\/koskelanet.com\/wordpress\/wp-content\/uploads\/2011\/10\/DSC_2029_bw2-10241-150x150.jpg\" class=\"attachment-thumbnail size-thumbnail\" alt=\"\" \/><\/a>\n\t\t\t<\/dt><\/dl><dl class='gallery-item'>\n\t\t\t<dt class='gallery-icon portrait'>\n\t\t\t\t<a href='https:\/\/koskelanet.com\/wordpress\/wp-content\/uploads\/2011\/10\/DSC_2057-1024.jpg' rel=\"lightbox[395]\"><img loading=\"lazy\" decoding=\"async\" width=\"150\" height=\"150\" src=\"https:\/\/koskelanet.com\/wordpress\/wp-content\/uploads\/2011\/10\/DSC_2057-1024-150x150.jpg\" class=\"attachment-thumbnail size-thumbnail\" alt=\"\" \/><\/a>\n\t\t\t<\/dt><\/dl><br style=\"clear: both\" \/><dl class='gallery-item'>\n\t\t\t<dt class='gallery-icon portrait'>\n\t\t\t\t<a href='https:\/\/koskelanet.com\/wordpress\/wp-content\/uploads\/2011\/10\/DSC_2029-1024.jpg' rel=\"lightbox[395]\"><img loading=\"lazy\" decoding=\"async\" width=\"150\" height=\"150\" src=\"https:\/\/koskelanet.com\/wordpress\/wp-content\/uploads\/2011\/10\/DSC_2029-1024-150x150.jpg\" class=\"attachment-thumbnail size-thumbnail\" alt=\"\" \/><\/a>\n\t\t\t<\/dt><\/dl><dl class='gallery-item'>\n\t\t\t<dt class='gallery-icon portrait'>\n\t\t\t\t<a href='https:\/\/koskelanet.com\/wordpress\/wp-content\/uploads\/2011\/10\/DSC_2004-1024.jpg' rel=\"lightbox[395]\"><img loading=\"lazy\" decoding=\"async\" width=\"150\" height=\"150\" src=\"https:\/\/koskelanet.com\/wordpress\/wp-content\/uploads\/2011\/10\/DSC_2004-1024-150x150.jpg\" class=\"attachment-thumbnail size-thumbnail\" alt=\"\" \/><\/a>\n\t\t\t<\/dt><\/dl><dl class='gallery-item'>\n\t\t\t<dt class='gallery-icon landscape'>\n\t\t\t\t<a href='https:\/\/koskelanet.com\/wordpress\/wp-content\/uploads\/2011\/10\/DSC_2061-1024.jpg' rel=\"lightbox[395]\"><img loading=\"lazy\" decoding=\"async\" width=\"150\" height=\"150\" src=\"https:\/\/koskelanet.com\/wordpress\/wp-content\/uploads\/2011\/10\/DSC_2061-1024-150x150.jpg\" class=\"attachment-thumbnail size-thumbnail\" alt=\"\" \/><\/a>\n\t\t\t<\/dt><\/dl><br style=\"clear: both\" \/><dl class='gallery-item'>\n\t\t\t<dt class='gallery-icon portrait'>\n\t\t\t\t<a href='https:\/\/koskelanet.com\/wordpress\/wp-content\/uploads\/2011\/10\/DSC_2013_bw2-1024.jpg' rel=\"lightbox[395]\"><img loading=\"lazy\" decoding=\"async\" width=\"150\" height=\"150\" src=\"https:\/\/koskelanet.com\/wordpress\/wp-content\/uploads\/2011\/10\/DSC_2013_bw2-1024-150x150.jpg\" class=\"attachment-thumbnail size-thumbnail\" alt=\"\" \/><\/a>\n\t\t\t<\/dt><\/dl><dl class='gallery-item'>\n\t\t\t<dt class='gallery-icon portrait'>\n\t\t\t\t<a href='https:\/\/koskelanet.com\/wordpress\/wp-content\/uploads\/2011\/10\/DSC_2022_bw-1024.jpg' rel=\"lightbox[395]\"><img loading=\"lazy\" decoding=\"async\" width=\"150\" height=\"150\" src=\"https:\/\/koskelanet.com\/wordpress\/wp-content\/uploads\/2011\/10\/DSC_2022_bw-1024-150x150.jpg\" class=\"attachment-thumbnail size-thumbnail\" alt=\"\" \/><\/a>\n\t\t\t<\/dt><\/dl><dl class='gallery-item'>\n\t\t\t<dt class='gallery-icon portrait'>\n\t\t\t\t<a href='https:\/\/koskelanet.com\/wordpress\/wp-content\/uploads\/2011\/10\/DSC_2006_bw-1024.jpg' rel=\"lightbox[395]\"><img loading=\"lazy\" decoding=\"async\" width=\"150\" height=\"150\" src=\"https:\/\/koskelanet.com\/wordpress\/wp-content\/uploads\/2011\/10\/DSC_2006_bw-1024-150x150.jpg\" class=\"attachment-thumbnail size-thumbnail\" alt=\"\" \/><\/a>\n\t\t\t<\/dt><\/dl><br style=\"clear: both\" \/><dl class='gallery-item'>\n\t\t\t<dt class='gallery-icon portrait'>\n\t\t\t\t<a href='https:\/\/koskelanet.com\/wordpress\/wp-content\/uploads\/2011\/10\/DSC_2022-1024.jpg' rel=\"lightbox[395]\"><img loading=\"lazy\" decoding=\"async\" width=\"150\" height=\"150\" src=\"https:\/\/koskelanet.com\/wordpress\/wp-content\/uploads\/2011\/10\/DSC_2022-1024-150x150.jpg\" class=\"attachment-thumbnail size-thumbnail\" alt=\"\" \/><\/a>\n\t\t\t<\/dt><\/dl><dl class='gallery-item'>\n\t\t\t<dt class='gallery-icon landscape'>\n\t\t\t\t<a href='https:\/\/koskelanet.com\/wordpress\/wp-content\/uploads\/2011\/10\/DSC_2075_bw-1024.jpg' rel=\"lightbox[395]\"><img loading=\"lazy\" decoding=\"async\" width=\"150\" height=\"150\" src=\"https:\/\/koskelanet.com\/wordpress\/wp-content\/uploads\/2011\/10\/DSC_2075_bw-1024-150x150.jpg\" class=\"attachment-thumbnail size-thumbnail\" alt=\"\" \/><\/a>\n\t\t\t<\/dt><\/dl><dl class='gallery-item'>\n\t\t\t<dt class='gallery-icon landscape'>\n\t\t\t\t<a href='https:\/\/koskelanet.com\/wordpress\/wp-content\/uploads\/2011\/10\/DSC_2043-1024.jpg' rel=\"lightbox[395]\"><img loading=\"lazy\" decoding=\"async\" width=\"150\" height=\"150\" src=\"https:\/\/koskelanet.com\/wordpress\/wp-content\/uploads\/2011\/10\/DSC_2043-1024-150x150.jpg\" class=\"attachment-thumbnail size-thumbnail\" alt=\"\" \/><\/a>\n\t\t\t<\/dt><\/dl><br style=\"clear: both\" \/><dl class='gallery-item'>\n\t\t\t<dt class='gallery-icon portrait'>\n\t\t\t\t<a href='https:\/\/koskelanet.com\/wordpress\/wp-content\/uploads\/2011\/10\/DSC_2013_bw-1024.jpg' rel=\"lightbox[395]\"><img loading=\"lazy\" decoding=\"async\" width=\"150\" height=\"150\" src=\"https:\/\/koskelanet.com\/wordpress\/wp-content\/uploads\/2011\/10\/DSC_2013_bw-1024-150x150.jpg\" class=\"attachment-thumbnail size-thumbnail\" alt=\"\" \/><\/a>\n\t\t\t<\/dt><\/dl><dl class='gallery-item'>\n\t\t\t<dt class='gallery-icon portrait'>\n\t\t\t\t<a href='https:\/\/koskelanet.com\/wordpress\/wp-content\/uploads\/2011\/10\/DSC_2006-1024.jpg' rel=\"lightbox[395]\"><img loading=\"lazy\" decoding=\"async\" width=\"150\" height=\"150\" src=\"https:\/\/koskelanet.com\/wordpress\/wp-content\/uploads\/2011\/10\/DSC_2006-1024-150x150.jpg\" class=\"attachment-thumbnail size-thumbnail\" alt=\"\" \/><\/a>\n\t\t\t<\/dt><\/dl><dl class='gallery-item'>\n\t\t\t<dt class='gallery-icon portrait'>\n\t\t\t\t<a href='https:\/\/koskelanet.com\/wordpress\/wp-content\/uploads\/2011\/10\/DSC_2001-1024.jpg' rel=\"lightbox[395]\"><img loading=\"lazy\" decoding=\"async\" width=\"150\" height=\"150\" src=\"https:\/\/koskelanet.com\/wordpress\/wp-content\/uploads\/2011\/10\/DSC_2001-1024-150x150.jpg\" class=\"attachment-thumbnail size-thumbnail\" alt=\"\" \/><\/a>\n\t\t\t<\/dt><\/dl><br style=\"clear: both\" \/><dl class='gallery-item'>\n\t\t\t<dt class='gallery-icon landscape'>\n\t\t\t\t<a href='https:\/\/koskelanet.com\/wordpress\/wp-content\/uploads\/2011\/10\/DSC_1983-1024.jpg' rel=\"lightbox[395]\"><img loading=\"lazy\" decoding=\"async\" width=\"150\" height=\"150\" src=\"https:\/\/koskelanet.com\/wordpress\/wp-content\/uploads\/2011\/10\/DSC_1983-1024-150x150.jpg\" class=\"attachment-thumbnail size-thumbnail\" alt=\"\" \/><\/a>\n\t\t\t<\/dt><\/dl><dl class='gallery-item'>\n\t\t\t<dt class='gallery-icon portrait'>\n\t\t\t\t<a href='https:\/\/koskelanet.com\/wordpress\/wp-content\/uploads\/2011\/10\/DSC_2036-1024.jpg' rel=\"lightbox[395]\"><img loading=\"lazy\" decoding=\"async\" width=\"150\" height=\"150\" src=\"https:\/\/koskelanet.com\/wordpress\/wp-content\/uploads\/2011\/10\/DSC_2036-1024-150x150.jpg\" class=\"attachment-thumbnail size-thumbnail\" alt=\"\" \/><\/a>\n\t\t\t<\/dt><\/dl><dl class='gallery-item'>\n\t\t\t<dt class='gallery-icon portrait'>\n\t\t\t\t<a href='https:\/\/koskelanet.com\/wordpress\/wp-content\/uploads\/2011\/10\/DSC_2003-1024.jpg' rel=\"lightbox[395]\"><img loading=\"lazy\" decoding=\"async\" width=\"150\" height=\"150\" src=\"https:\/\/koskelanet.com\/wordpress\/wp-content\/uploads\/2011\/10\/DSC_2003-1024-150x150.jpg\" class=\"attachment-thumbnail size-thumbnail\" alt=\"\" \/><\/a>\n\t\t\t<\/dt><\/dl><br style=\"clear: both\" \/><dl class='gallery-item'>\n\t\t\t<dt class='gallery-icon portrait'>\n\t\t\t\t<a href='https:\/\/koskelanet.com\/wordpress\/wp-content\/uploads\/2011\/10\/DSC_2013-1024.jpg' rel=\"lightbox[395]\"><img loading=\"lazy\" decoding=\"async\" width=\"150\" height=\"150\" src=\"https:\/\/koskelanet.com\/wordpress\/wp-content\/uploads\/2011\/10\/DSC_2013-1024-150x150.jpg\" class=\"attachment-thumbnail size-thumbnail\" alt=\"\" \/><\/a>\n\t\t\t<\/dt><\/dl><dl class='gallery-item'>\n\t\t\t<dt class='gallery-icon landscape'>\n\t\t\t\t<a href='https:\/\/koskelanet.com\/wordpress\/wp-content\/uploads\/2011\/10\/DSC_2075-1024.jpg' rel=\"lightbox[395]\"><img loading=\"lazy\" decoding=\"async\" width=\"150\" height=\"150\" src=\"https:\/\/koskelanet.com\/wordpress\/wp-content\/uploads\/2011\/10\/DSC_2075-1024-150x150.jpg\" class=\"attachment-thumbnail size-thumbnail\" alt=\"\" \/><\/a>\n\t\t\t<\/dt><\/dl><dl class='gallery-item'>\n\t\t\t<dt class='gallery-icon portrait'>\n\t\t\t\t<a href='https:\/\/koskelanet.com\/wordpress\/wp-content\/uploads\/2011\/10\/DSC_2005-1024.jpg' rel=\"lightbox[395]\"><img loading=\"lazy\" decoding=\"async\" width=\"150\" height=\"150\" src=\"https:\/\/koskelanet.com\/wordpress\/wp-content\/uploads\/2011\/10\/DSC_2005-1024-150x150.jpg\" class=\"attachment-thumbnail size-thumbnail\" alt=\"\" \/><\/a>\n\t\t\t<\/dt><\/dl><br style=\"clear: both\" \/><dl class='gallery-item'>\n\t\t\t<dt class='gallery-icon portrait'>\n\t\t\t\t<a href='https:\/\/koskelanet.com\/wordpress\/wp-content\/uploads\/2011\/10\/DSC_2027-1024.jpg' rel=\"lightbox[395]\"><img loading=\"lazy\" decoding=\"async\" width=\"150\" height=\"150\" src=\"https:\/\/koskelanet.com\/wordpress\/wp-content\/uploads\/2011\/10\/DSC_2027-1024-150x150.jpg\" class=\"attachment-thumbnail size-thumbnail\" alt=\"\" \/><\/a>\n\t\t\t<\/dt><\/dl><dl class='gallery-item'>\n\t\t\t<dt class='gallery-icon landscape'>\n\t\t\t\t<a href='https:\/\/koskelanet.com\/wordpress\/wp-content\/uploads\/2011\/10\/DSC_1997-1024.jpg' rel=\"lightbox[395]\"><img loading=\"lazy\" decoding=\"async\" width=\"150\" height=\"150\" src=\"https:\/\/koskelanet.com\/wordpress\/wp-content\/uploads\/2011\/10\/DSC_1997-1024-150x150.jpg\" class=\"attachment-thumbnail size-thumbnail\" alt=\"\" \/><\/a>\n\t\t\t<\/dt><\/dl><dl class='gallery-item'>\n\t\t\t<dt class='gallery-icon portrait'>\n\t\t\t\t<a href='https:\/\/koskelanet.com\/wordpress\/wp-content\/uploads\/2011\/10\/DSC_2033-1024.jpg' rel=\"lightbox[395]\"><img loading=\"lazy\" decoding=\"async\" width=\"150\" height=\"150\" src=\"https:\/\/koskelanet.com\/wordpress\/wp-content\/uploads\/2011\/10\/DSC_2033-1024-150x150.jpg\" class=\"attachment-thumbnail size-thumbnail\" alt=\"\" \/><\/a>\n\t\t\t<\/dt><\/dl><br style=\"clear: both\" \/><dl class='gallery-item'>\n\t\t\t<dt class='gallery-icon portrait'>\n\t\t\t\t<a href='https:\/\/koskelanet.com\/wordpress\/wp-content\/uploads\/2011\/10\/DSC_2065-1024.jpg' rel=\"lightbox[395]\"><img loading=\"lazy\" decoding=\"async\" width=\"150\" height=\"150\" src=\"https:\/\/koskelanet.com\/wordpress\/wp-content\/uploads\/2011\/10\/DSC_2065-1024-150x150.jpg\" class=\"attachment-thumbnail size-thumbnail\" alt=\"\" \/><\/a>\n\t\t\t<\/dt><\/dl><dl class='gallery-item'>\n\t\t\t<dt class='gallery-icon landscape'>\n\t\t\t\t<a href='https:\/\/koskelanet.com\/wordpress\/wp-content\/uploads\/2011\/10\/DSC_2016-1024.jpg' rel=\"lightbox[395]\"><img loading=\"lazy\" decoding=\"async\" width=\"150\" height=\"150\" src=\"https:\/\/koskelanet.com\/wordpress\/wp-content\/uploads\/2011\/10\/DSC_2016-1024-150x150.jpg\" class=\"attachment-thumbnail size-thumbnail\" alt=\"\" \/><\/a>\n\t\t\t<\/dt><\/dl><dl class='gallery-item'>\n\t\t\t<dt class='gallery-icon landscape'>\n\t\t\t\t<a href='https:\/\/koskelanet.com\/wordpress\/wp-content\/uploads\/2011\/10\/DSC_2041-1024.jpg' rel=\"lightbox[395]\"><img loading=\"lazy\" decoding=\"async\" width=\"150\" height=\"150\" src=\"https:\/\/koskelanet.com\/wordpress\/wp-content\/uploads\/2011\/10\/DSC_2041-1024-150x150.jpg\" class=\"attachment-thumbnail size-thumbnail\" alt=\"\" \/><\/a>\n\t\t\t<\/dt><\/dl><br style=\"clear: both\" \/><dl class='gallery-item'>\n\t\t\t<dt class='gallery-icon landscape'>\n\t\t\t\t<a href='https:\/\/koskelanet.com\/wordpress\/wp-content\/uploads\/2011\/10\/DSC_1998-1024.jpg' rel=\"lightbox[395]\"><img loading=\"lazy\" decoding=\"async\" width=\"150\" height=\"150\" src=\"https:\/\/koskelanet.com\/wordpress\/wp-content\/uploads\/2011\/10\/DSC_1998-1024-150x150.jpg\" class=\"attachment-thumbnail size-thumbnail\" alt=\"\" \/><\/a>\n\t\t\t<\/dt><\/dl><dl class='gallery-item'>\n\t\t\t<dt class='gallery-icon portrait'>\n\t\t\t\t<a href='https:\/\/koskelanet.com\/wordpress\/wp-content\/uploads\/2011\/10\/DSC_1996-1024.jpg' rel=\"lightbox[395]\"><img loading=\"lazy\" decoding=\"async\" width=\"150\" height=\"150\" src=\"https:\/\/koskelanet.com\/wordpress\/wp-content\/uploads\/2011\/10\/DSC_1996-1024-150x150.jpg\" class=\"attachment-thumbnail size-thumbnail\" alt=\"\" \/><\/a>\n\t\t\t<\/dt><\/dl><dl class='gallery-item'>\n\t\t\t<dt class='gallery-icon landscape'>\n\t\t\t\t<a href='https:\/\/koskelanet.com\/wordpress\/wp-content\/uploads\/2011\/10\/DSC_2088-1024.jpg' rel=\"lightbox[395]\"><img loading=\"lazy\" decoding=\"async\" width=\"150\" height=\"150\" src=\"https:\/\/koskelanet.com\/wordpress\/wp-content\/uploads\/2011\/10\/DSC_2088-1024-150x150.jpg\" class=\"attachment-thumbnail size-thumbnail\" alt=\"\" \/><\/a>\n\t\t\t<\/dt><\/dl><br style=\"clear: both\" \/>\n\t\t<\/div>\n\n","protected":false},"excerpt":{"rendered":"<p>L\u00e4hteenm\u00e4ess\u00e4 Mets\u00e4maalla 2011.<\/p>\n","protected":false},"author":2,"featured_media":0,"parent":378,"menu_order":0,"comment_status":"closed","ping_status":"closed","template":"onecolumn-page.php","meta":{"footnotes":""},"class_list":["post-395","page","type-page","status-publish","hentry"],"_links":{"self":[{"href":"https:\/\/koskelanet.com\/wordpress\/wp-json\/wp\/v2\/pages\/395","targetHints":{"allow":["GET"]}}],"collection":[{"href":"https:\/\/koskelanet.com\/wordpress\/wp-json\/wp\/v2\/pages"}],"about":[{"href":"https:\/\/koskelanet.com\/wordpress\/wp-json\/wp\/v2\/types\/page"}],"author":[{"embeddable":true,"href":"https:\/\/koskelanet.com\/wordpress\/wp-json\/wp\/v2\/users\/2"}],"replies":[{"embeddable":true,"href":"https:\/\/koskelanet.com\/wordpress\/wp-json\/wp\/v2\/comments?post=395"}],"version-history":[{"count":7,"href":"https:\/\/koskelanet.com\/wordpress\/wp-json\/wp\/v2\/pages\/395\/revisions"}],"predecessor-version":[{"id":489,"href":"https:\/\/koskelanet.com\/wordpress\/wp-json\/wp\/v2\/pages\/395\/revisions\/489"}],"up":[{"embeddable":true,"href":"https:\/\/koskelanet.com\/wordpress\/wp-json\/wp\/v2\/pages\/378"}],"wp:attachment":[{"href":"https:\/\/koskelanet.com\/wordpress\/wp-json\/wp\/v2\/media?parent=395"}],"curies":[{"name":"wp","href":"https:\/\/api.w.org\/{rel}","templated":true}]}}